{"id":11,"date":"2019-04-21T09:16:54","date_gmt":"2019-04-21T09:16:54","guid":{"rendered":"http:\/\/wtb-ol.de\/?page_id=11"},"modified":"2026-02-15T17:02:19","modified_gmt":"2026-02-15T15:02:19","slug":"termine","status":"publish","type":"page","link":"https:\/\/wtb-ol.de\/?page_id=11","title":{"rendered":"Termine 2026"},"content":{"rendered":"\n<p>Um gut vorbereitet durch den Winter zu kommen haben sich die Trainingsserien Rhein-Ruhr Pokal und Winter-Wiehen Cup etabliert.<\/p>\n\n\n\n<p>Alle Termine f\u00fcr dieses Jahr sind auf der Homepage o-sport.de eingetragen, nachfolgend ein Link f\u00fcr NRW Termine:<\/p>\n\n\n\n<p><a href=\"https:\/\/omanager.o-sport.de\/service\/f?p=105:5::::RP::\">Wettk\u00e4mpfe Westfalen<\/a><\/p>\n\n\n\n<p><strong>N\u00e4chster Termin<\/strong>: 08.03.2026 LRL Lang Willebadessen<br>&#8211; Infos und Meldung unter <a href=\"https:\/\/omanager.o-sport.de\/service\/f?p=105:7:::NO::P7_ID:61804\">https:\/\/omanager.o-sport.de\/service\/f?p=105:7:::NO::P7_ID:61804<\/a><\/p>\n\n\n\n<p>Letztes Jahr hinzugekommen ist die Sprint-Trainingsserie <em>LOS<\/em>: der Lippische Orientierungslauf Sommer, die auch dieses Jahr wieder stattfinden wird. Mehr Informationen unter:<\/p>\n\n\n\n<p><a href=\"https:\/\/lippe-ol.de\/?page_id=64\">LOS 25 \u2013 OL Team Lippe<\/a> <\/p>\n","protected":false},"excerpt":{"rendered":"<p>Um gut vorbereitet durch den Winter zu kommen haben sich die Trainingsserien Rhein-Ruhr Pokal und Winter-Wiehen Cup etabliert. Alle Termine f\u00fcr dieses Jahr sind auf der Homepage o-sport.de eingetragen, nachfolgend ein Link f\u00fcr NRW Termine: Wettk\u00e4mpfe Westfalen N\u00e4chster Termin: 08.03.2026 LRL Lang Willebadessen&#8211; Infos und Meldung unter https:\/\/omanager.o-sport.de\/service\/f?p=105:7:::NO::P7_ID:61804 Letztes Jahr hinzugekommen ist die Sprint-Trainingsserie LOS: &hellip; <a href=\"https:\/\/wtb-ol.de\/?page_id=11\" class=\"more-link\"><span class=\"screen-reader-text\">\u201eTermine 2026\u201c <\/span>weiterlesen<\/a><\/p>\n","protected":false},"author":1,"featured_media":0,"parent":0,"menu_order":0,"comment_status":"closed","ping_status":"closed","template":"","meta":{"footnotes":""},"class_list":["post-11","page","type-page","status-publish","hentry"],"_links":{"self":[{"href":"https:\/\/wtb-ol.de\/index.php?rest_route=\/wp\/v2\/pages\/11","targetHints":{"allow":["GET"]}}],"collection":[{"href":"https:\/\/wtb-ol.de\/index.php?rest_route=\/wp\/v2\/pages"}],"about":[{"href":"https:\/\/wtb-ol.de\/index.php?rest_route=\/wp\/v2\/types\/page"}],"author":[{"embeddable":true,"href":"https:\/\/wtb-ol.de\/index.php?rest_route=\/wp\/v2\/users\/1"}],"replies":[{"embeddable":true,"href":"https:\/\/wtb-ol.de\/index.php?rest_route=%2Fwp%2Fv2%2Fcomments&post=11"}],"version-history":[{"count":14,"href":"https:\/\/wtb-ol.de\/index.php?rest_route=\/wp\/v2\/pages\/11\/revisions"}],"predecessor-version":[{"id":775,"href":"https:\/\/wtb-ol.de\/index.php?rest_route=\/wp\/v2\/pages\/11\/revisions\/775"}],"wp:attachment":[{"href":"https:\/\/wtb-ol.de\/index.php?rest_route=%2Fwp%2Fv2%2Fmedia&parent=11"}],"curies":[{"name":"wp","href":"https:\/\/api.w.org\/{rel}","templated":true}]}}