{"id":14,"date":"2019-04-21T09:16:54","date_gmt":"2019-04-21T09:16:54","guid":{"rendered":"http:\/\/wtb-ol.de\/?page_id=14"},"modified":"2023-11-14T12:05:17","modified_gmt":"2023-11-14T10:05:17","slug":"informationen","status":"publish","type":"page","link":"https:\/\/wtb-ol.de\/?page_id=14","title":{"rendered":"Informationen"},"content":{"rendered":"\n<p><a href=\"https:\/\/wtb-ol.de\/?page_id=565\" data-type=\"page\" data-id=\"565\"><strong>Vereine in Westfalen und im Rheinland<\/strong><\/a><\/p>\n\n\n\n<p>Im OL arbeiten die westf\u00e4lischen und rheinischen Vereine zusammen, richten gemeinsame Wettk\u00e4mpfe aus und der Nachwuchs l\u00e4uft unter Westfalen in einem gemeinsamen Nachwuchskader. <\/p>\n\n\n\n<p><strong><a href=\"https:\/\/www.instagram.com\/ol.westfalen\/\" data-type=\"link\" data-id=\"https:\/\/www.instagram.com\/ol.westfalen\/\">Aktuelle Informationen auf Instagramm<\/a><\/strong><\/p>\n\n\n\n<p>Immer aktuelle Nachrichten, Bilder und Videos von Wettk\u00e4mpfen, Trainingslager findet ihr auf Instagramm.<\/p>\n\n\n\n<p><a href=\"https:\/\/omaps.de\/\" data-type=\"link\" data-id=\"https:\/\/omaps.de\/\"><strong>Karten in Westfalen<\/strong> (omaps)<\/a><\/p>\n\n\n\n<p>In Westfalen sind durch eine sehr aktive Zeit in der Vergangenheit sehr viele Karten entstanden. Durch die Trockenheit und den Borkenk\u00e4fersch\u00e4den in den letzten Jahren sind viele Gebiete leider stark in Mitleidenschaft geraten. <\/p>\n\n\n\n<p>F\u00fcr Aktivit\u00e4ten empfiehlt sich grunds\u00e4tzlich der Kontakt zu den Vereinen vor Ort.<\/p>\n\n\n\n<p>Durch die freie Verf\u00fcgung von 3D-Laser Daten wurden von vielen Vereinen einfache Basiskarten generiert, die jedoch keine Wettkampfqualit\u00e4t haben und auch nicht unbedingt f\u00fcr Anf\u00e4nger geeignet sind.<\/p>\n\n\n\n<p><strong>Festpostennetze<\/strong><\/p>\n\n\n\n<p>Bei Festpostennetzen handelt es sich um Gebiete mit \u00f6ffentlich zug\u00e4nglichen Karten und fest installierten Markierungen. In Westfalen gibt es nur zwei, in Bielefeld rund um die Sparrenburg und in Bottrop. N\u00e4here Infos k\u00f6nnen euch die Vereine (Bielefelder TG und DJK Adler Bottrop) geben.<\/p>\n","protected":false},"excerpt":{"rendered":"<p>Vereine in Westfalen und im Rheinland Im OL arbeiten die westf\u00e4lischen und rheinischen Vereine zusammen, richten gemeinsame Wettk\u00e4mpfe aus und der Nachwuchs l\u00e4uft unter Westfalen in einem gemeinsamen Nachwuchskader. Aktuelle Informationen auf Instagramm Immer aktuelle Nachrichten, Bilder und Videos von Wettk\u00e4mpfen, Trainingslager findet ihr auf Instagramm. Karten in Westfalen (omaps) In Westfalen sind durch eine &hellip; <a href=\"https:\/\/wtb-ol.de\/?page_id=14\" class=\"more-link\"><span class=\"screen-reader-text\">\u201eInformationen\u201c <\/span>weiterlesen<\/a><\/p>\n","protected":false},"author":1,"featured_media":0,"parent":0,"menu_order":0,"comment_status":"closed","ping_status":"closed","template":"","meta":{"footnotes":""},"class_list":["post-14","page","type-page","status-publish","hentry"],"_links":{"self":[{"href":"https:\/\/wtb-ol.de\/index.php?rest_route=\/wp\/v2\/pages\/14","targetHints":{"allow":["GET"]}}],"collection":[{"href":"https:\/\/wtb-ol.de\/index.php?rest_route=\/wp\/v2\/pages"}],"about":[{"href":"https:\/\/wtb-ol.de\/index.php?rest_route=\/wp\/v2\/types\/page"}],"author":[{"embeddable":true,"href":"https:\/\/wtb-ol.de\/index.php?rest_route=\/wp\/v2\/users\/1"}],"replies":[{"embeddable":true,"href":"https:\/\/wtb-ol.de\/index.php?rest_route=%2Fwp%2Fv2%2Fcomments&post=14"}],"version-history":[{"count":10,"href":"https:\/\/wtb-ol.de\/index.php?rest_route=\/wp\/v2\/pages\/14\/revisions"}],"predecessor-version":[{"id":586,"href":"https:\/\/wtb-ol.de\/index.php?rest_route=\/wp\/v2\/pages\/14\/revisions\/586"}],"wp:attachment":[{"href":"https:\/\/wtb-ol.de\/index.php?rest_route=%2Fwp%2Fv2%2Fmedia&parent=14"}],"curies":[{"name":"wp","href":"https:\/\/api.w.org\/{rel}","templated":true}]}}