{"id":15,"date":"2019-04-21T09:16:54","date_gmt":"2019-04-21T09:16:54","guid":{"rendered":"http:\/\/wtb-ol.de\/?page_id=15"},"modified":"2025-03-30T00:00:17","modified_gmt":"2025-03-29T22:00:17","slug":"d-kader","status":"publish","type":"page","link":"https:\/\/wtb-ol.de\/?page_id=15","title":{"rendered":"Landeskader Westfalen"},"content":{"rendered":"\n<p>Der Landeskader wird durch die Landesjugenfachw\u00e4rtin Natalie Menn berufen und besteht aus ca. 25 Mitgliedern im Alter von 10 &#8211; 20 Jahren. Der H\u00f6hepunkt im Jahr ist der JJLVK, bei dem die Landesverb\u00e4nde im Einzel und in der Staffel gegeneinander antreten und flei\u00dfig Punkte f\u00fcr die Wertung erlaufen wollen. <\/p>\n\n\n<ul class=\"wp-block-latest-posts__list wp-block-latest-posts\"><li><a class=\"wp-block-latest-posts__post-title\" href=\"https:\/\/wtb-ol.de\/?p=745\">Kader-Jahresabschluss in L\u00fcbbecke<\/a><\/li>\n<li><a class=\"wp-block-latest-posts__post-title\" href=\"https:\/\/wtb-ol.de\/?p=729\">40 Jahre D-Kader schwei\u00dft zusammen: Hauptsache rot-wei\u00df!<\/a><\/li>\n<li><a class=\"wp-block-latest-posts__post-title\" href=\"https:\/\/wtb-ol.de\/?p=724\">JJLVK 2025 in Brandenburg<\/a><\/li>\n<li><a class=\"wp-block-latest-posts__post-title\" href=\"https:\/\/wtb-ol.de\/?p=684\">Landeskader zum Saisonauftakt 2025 in Bielefeld<\/a><\/li>\n<li><a class=\"wp-block-latest-posts__post-title\" href=\"https:\/\/wtb-ol.de\/?p=653\">Heim-JLVK in Arnsberg und Sundern<\/a><\/li>\n<\/ul>","protected":false},"excerpt":{"rendered":"<p>Der Landeskader wird durch die Landesjugenfachw\u00e4rtin Natalie Menn berufen und besteht aus ca. 25 Mitgliedern im Alter von 10 &#8211; 20 Jahren. Der H\u00f6hepunkt im Jahr ist der JJLVK, bei dem die Landesverb\u00e4nde im Einzel und in der Staffel gegeneinander antreten und flei\u00dfig Punkte f\u00fcr die Wertung erlaufen wollen.<\/p>\n","protected":false},"author":1,"featured_media":0,"parent":0,"menu_order":0,"comment_status":"closed","ping_status":"closed","template":"","meta":{"footnotes":""},"class_list":["post-15","page","type-page","status-publish","hentry"],"_links":{"self":[{"href":"https:\/\/wtb-ol.de\/index.php?rest_route=\/wp\/v2\/pages\/15","targetHints":{"allow":["GET"]}}],"collection":[{"href":"https:\/\/wtb-ol.de\/index.php?rest_route=\/wp\/v2\/pages"}],"about":[{"href":"https:\/\/wtb-ol.de\/index.php?rest_route=\/wp\/v2\/types\/page"}],"author":[{"embeddable":true,"href":"https:\/\/wtb-ol.de\/index.php?rest_route=\/wp\/v2\/users\/1"}],"replies":[{"embeddable":true,"href":"https:\/\/wtb-ol.de\/index.php?rest_route=%2Fwp%2Fv2%2Fcomments&post=15"}],"version-history":[{"count":5,"href":"https:\/\/wtb-ol.de\/index.php?rest_route=\/wp\/v2\/pages\/15\/revisions"}],"predecessor-version":[{"id":695,"href":"https:\/\/wtb-ol.de\/index.php?rest_route=\/wp\/v2\/pages\/15\/revisions\/695"}],"wp:attachment":[{"href":"https:\/\/wtb-ol.de\/index.php?rest_route=%2Fwp%2Fv2%2Fmedia&parent=15"}],"curies":[{"name":"wp","href":"https:\/\/api.w.org\/{rel}","templated":true}]}}