{"id":572,"date":"2023-11-14T11:52:43","date_gmt":"2023-11-14T09:52:43","guid":{"rendered":"https:\/\/wtb-ol.de\/?page_id=572"},"modified":"2025-03-29T23:57:43","modified_gmt":"2025-03-29T21:57:43","slug":"jlvk-2024","status":"publish","type":"page","link":"https:\/\/wtb-ol.de\/?page_id=572","title":{"rendered":"JLVK 2024"},"content":{"rendered":"\n<p>Der beliebte Jugend- und Junioren-L\u00e4nderverlgeichskampf (JJLVK) kam 2024 endlich wieder zur\u00fcck nach Westfalen. Eine Arbeitsgemeinschaft westf\u00e4lischer Vereine, vertreten durch die DJK Adler 07 Bottrop, richtete in Arnsberg im Sauerland zwei wundervolle L\u00e4ufe f\u00fcr junge Athlet*innen aus ganz Deutschland aus. Eindr\u00fccke und Bilder sind auf der Wettkampf-Homepage festgehalten.<\/p>\n\n\n\n<figure class=\"wp-block-image size-full is-resized\"><img loading=\"lazy\" decoding=\"async\" width=\"443\" height=\"442\" src=\"https:\/\/wtb-ol.de\/wp-content\/uploads\/2023\/11\/Logo_2_noControls.png\" alt=\"\" class=\"wp-image-573\" style=\"width:auto;height:200px\" srcset=\"https:\/\/wtb-ol.de\/wp-content\/uploads\/2023\/11\/Logo_2_noControls.png 443w, https:\/\/wtb-ol.de\/wp-content\/uploads\/2023\/11\/Logo_2_noControls-300x300.png 300w, https:\/\/wtb-ol.de\/wp-content\/uploads\/2023\/11\/Logo_2_noControls-150x150.png 150w\" sizes=\"auto, (max-width: 443px) 85vw, 443px\" \/><\/figure>\n\n\n\n<p>Veranstaltungsseite: <a href=\"http:\/\/www.jlvk2024.de\">www.jlvk2024.de<\/a><\/p>\n","protected":false},"excerpt":{"rendered":"<p>Der beliebte Jugend- und Junioren-L\u00e4nderverlgeichskampf (JJLVK) kam 2024 endlich wieder zur\u00fcck nach Westfalen. Eine Arbeitsgemeinschaft westf\u00e4lischer Vereine, vertreten durch die DJK Adler 07 Bottrop, richtete in Arnsberg im Sauerland zwei wundervolle L\u00e4ufe f\u00fcr junge Athlet*innen aus ganz Deutschland aus. Eindr\u00fccke und Bilder sind auf der Wettkampf-Homepage festgehalten. Veranstaltungsseite: www.jlvk2024.de<\/p>\n","protected":false},"author":1,"featured_media":0,"parent":0,"menu_order":0,"comment_status":"closed","ping_status":"closed","template":"","meta":{"footnotes":""},"class_list":["post-572","page","type-page","status-publish","hentry"],"_links":{"self":[{"href":"https:\/\/wtb-ol.de\/index.php?rest_route=\/wp\/v2\/pages\/572","targetHints":{"allow":["GET"]}}],"collection":[{"href":"https:\/\/wtb-ol.de\/index.php?rest_route=\/wp\/v2\/pages"}],"about":[{"href":"https:\/\/wtb-ol.de\/index.php?rest_route=\/wp\/v2\/types\/page"}],"author":[{"embeddable":true,"href":"https:\/\/wtb-ol.de\/index.php?rest_route=\/wp\/v2\/users\/1"}],"replies":[{"embeddable":true,"href":"https:\/\/wtb-ol.de\/index.php?rest_route=%2Fwp%2Fv2%2Fcomments&post=572"}],"version-history":[{"count":3,"href":"https:\/\/wtb-ol.de\/index.php?rest_route=\/wp\/v2\/pages\/572\/revisions"}],"predecessor-version":[{"id":693,"href":"https:\/\/wtb-ol.de\/index.php?rest_route=\/wp\/v2\/pages\/572\/revisions\/693"}],"wp:attachment":[{"href":"https:\/\/wtb-ol.de\/index.php?rest_route=%2Fwp%2Fv2%2Fmedia&parent=572"}],"curies":[{"name":"wp","href":"https:\/\/api.w.org\/{rel}","templated":true}]}}